{"id":7689,"date":"2026-03-06T18:26:51","date_gmt":"2026-03-06T18:26:51","guid":{"rendered":"https:\/\/rallyelallana.com\/?page_id=7689"},"modified":"2026-03-06T18:36:55","modified_gmt":"2026-03-06T18:36:55","slug":"formulario-acreditaciones-prensa","status":"publish","type":"page","link":"https:\/\/rallyelallana.com\/es\/formulario-acreditaciones-prensa\/","title":{"rendered":"Formulario acreditaciones Prensa"},"content":{"rendered":"\n<p class=\"has-text-align-left\">Email: <a href=\"mailto:prensa@rallyelallana.com\" data-type=\"mailto\" data-id=\"mailto:prensa@rallyelallana.com\" target=\"_blank\" rel=\"noreferrer noopener nofollow\">prensa@rallyelallana.com<\/a><\/p>\n\n\n\n<div style=\"height:5px\" aria-hidden=\"true\" class=\"wp-block-spacer\"><\/div>\n\n\n\n<style id=\"wpforms-css-vars-7667\">\n\t\t\t\t#wpforms-7667 {\n\t\t\t\t--wpforms-container-padding: 0px;\n--wpforms-container-border-width: 1px;\n--wpforms-container-border-radius: 3px;\n--wpforms-background-color: rgba(0, 0, 0, 0);\n--wpforms-field-size-input-height: 43px;\n--wpforms-field-size-input-spacing: 15px;\n--wpforms-field-size-font-size: 16px;\n--wpforms-field-size-line-height: 19px;\n--wpforms-field-size-padding-h: 14px;\n--wpforms-field-size-checkbox-size: 16px;\n--wpforms-field-size-sublabel-spacing: 5px;\n--wpforms-field-size-icon-size: 1;\n--wpforms-label-size-font-size: 16px;\n--wpforms-label-size-line-height: 19px;\n--wpforms-label-size-sublabel-font-size: 14px;\n--wpforms-label-size-sublabel-line-height: 17px;\n--wpforms-button-size-font-size: 17px;\n--wpforms-button-size-height: 41px;\n--wpforms-button-size-padding-h: 15px;\n--wpforms-button-size-margin-top: 10px;\n--wpforms-container-shadow-size-box-shadow: none;\n\t\t\t}\n\t\t\t<\/style><div class=\"wpforms-container wpforms-container-full wpforms-render-modern\" id=\"wpforms-7667\"><form id=\"wpforms-form-7667\" class=\"wpforms-validate wpforms-form wpforms-ajax-form\" data-formid=\"7667\" method=\"post\" enctype=\"multipart\/form-data\" action=\"\/es\/wp-json\/wp\/v2\/pages\/7689\" data-token=\"180f0d126190f0c246e8f553b5310b86\" data-token-time=\"1777515059\"><div class=\"wpforms-head-container\"><div class=\"wpforms-title\">Acreditaci\u00f3n de Prensa<\/div><\/div><noscript class=\"wpforms-error-noscript\">Por favor, activa JavaScript en tu navegador para completar este formulario.<\/noscript><div id=\"wpforms-error-noscript\" style=\"display: none;\">Por favor, activa JavaScript en tu navegador para completar este formulario.<\/div><div class=\"wpforms-field-container\"><div id=\"wpforms-7667-field_4-container\" class=\"wpforms-field wpforms-field-text\" data-field-id=\"4\"><label class=\"wpforms-field-label\" for=\"wpforms-7667-field_4\">Tipo de medio o publicaci\u00f3n <span class=\"wpforms-required-label\" aria-hidden=\"true\">*<\/span><\/label><input type=\"text\" id=\"wpforms-7667-field_4\" class=\"wpforms-field-medium wpforms-field-required\" name=\"wpforms[fields][4]\" placeholder=\"Diario, revista, radio, televisi\u00f3n, web .... \" aria-errormessage=\"wpforms-7667-field_4-error\" required><\/div><div id=\"wpforms-7667-field_6-container\" class=\"wpforms-field wpforms-field-text\" data-field-id=\"6\"><label class=\"wpforms-field-label\" for=\"wpforms-7667-field_6\">Nombre del medio o publicaci\u00f3n <span class=\"wpforms-required-label\" aria-hidden=\"true\">*<\/span><\/label><input type=\"text\" id=\"wpforms-7667-field_6\" class=\"wpforms-field-medium wpforms-field-required\" name=\"wpforms[fields][6]\" aria-errormessage=\"wpforms-7667-field_6-error\" required><\/div><div id=\"wpforms-7667-field_7-container\" class=\"wpforms-field wpforms-field-text\" data-field-id=\"7\"><label class=\"wpforms-field-label\" for=\"wpforms-7667-field_7\">P\u00e1gina web del medio o la publicaci\u00f3n<\/label><input type=\"text\" id=\"wpforms-7667-field_7\" class=\"wpforms-field-medium\" name=\"wpforms[fields][7]\" aria-errormessage=\"wpforms-7667-field_7-error\" ><\/div>\t\t<div id=\"wpforms-7667-field_5-container\"\n\t\t\tclass=\"wpforms-field wpforms-field-text\"\n\t\t\tdata-field-type=\"text\"\n\t\t\tdata-field-id=\"5\"\n\t\t\t>\n\t\t\t<label class=\"wpforms-field-label\" for=\"wpforms-7667-field_5\" >que o Comentario<\/label>\n\t\t\t<input type=\"text\" id=\"wpforms-7667-field_5\" class=\"wpforms-field-medium\" name=\"wpforms[fields][5]\" >\n\t\t<\/div>\n\t\t<div id=\"wpforms-7667-field_1-container\" class=\"wpforms-field wpforms-field-name\" data-field-id=\"1\"><fieldset><legend class=\"wpforms-field-label\">Datos personales <span class=\"wpforms-required-label\" aria-hidden=\"true\">*<\/span><\/legend><div class=\"wpforms-field-row wpforms-field-medium\"><div class=\"wpforms-field-row-block wpforms-first wpforms-one-half\"><input type=\"text\" id=\"wpforms-7667-field_1\" class=\"wpforms-field-name-first wpforms-field-required\" name=\"wpforms[fields][1][first]\" aria-errormessage=\"wpforms-7667-field_1-error\" required><label for=\"wpforms-7667-field_1\" class=\"wpforms-field-sublabel after\">Nombre<\/label><\/div><div class=\"wpforms-field-row-block wpforms-one-half\"><input type=\"text\" id=\"wpforms-7667-field_1-last\" class=\"wpforms-field-name-last wpforms-field-required\" name=\"wpforms[fields][1][last]\" aria-errormessage=\"wpforms-7667-field_1-last-error\" required><label for=\"wpforms-7667-field_1-last\" class=\"wpforms-field-sublabel after\">Apellidos<\/label><\/div><\/div><\/fieldset><\/div><div id=\"wpforms-7667-field_16-container\" class=\"wpforms-field wpforms-field-text\" data-field-id=\"16\"><label class=\"wpforms-field-label\" for=\"wpforms-7667-field_16\">Cargo que ocupa <span class=\"wpforms-required-label\" aria-hidden=\"true\">*<\/span><\/label><input type=\"text\" id=\"wpforms-7667-field_16\" class=\"wpforms-field-medium wpforms-field-required\" name=\"wpforms[fields][16]\" placeholder=\"Redactor, fot\u00f3grafo, c\u00e1mara, otros ... \" aria-errormessage=\"wpforms-7667-field_16-error\" required><\/div><div id=\"wpforms-7667-field_2-container\" class=\"wpforms-field wpforms-field-email\" data-field-id=\"2\"><label class=\"wpforms-field-label\" for=\"wpforms-7667-field_2\">Su correo electr\u00f3nico <span class=\"wpforms-required-label\" aria-hidden=\"true\">*<\/span><\/label><input type=\"email\" id=\"wpforms-7667-field_2\" class=\"wpforms-field-medium wpforms-field-required\" name=\"wpforms[fields][2]\" spellcheck=\"false\" aria-errormessage=\"wpforms-7667-field_2-error\" required><\/div><div id=\"wpforms-7667-field_15-container\" class=\"wpforms-field wpforms-field-radio\" data-field-id=\"15\"><fieldset><legend class=\"wpforms-field-label\">\u00bfDispone actualmente de licencia? <span class=\"wpforms-required-label\" aria-hidden=\"true\">*<\/span><\/legend><ul id=\"wpforms-7667-field_15\" class=\"wpforms-field-required\"><li class=\"choice-1 depth-1\"><input type=\"radio\" id=\"wpforms-7667-field_15_1\" name=\"wpforms[fields][15]\" value=\"Si\" aria-errormessage=\"wpforms-7667-field_15_1-error\" aria-describedby=\"wpforms-7667-field_15-description\" required ><label class=\"wpforms-field-label-inline\" for=\"wpforms-7667-field_15_1\">Si<\/label><\/li><li class=\"choice-2 depth-1\"><input type=\"radio\" id=\"wpforms-7667-field_15_2\" name=\"wpforms[fields][15]\" value=\"No\" aria-errormessage=\"wpforms-7667-field_15_2-error\" aria-describedby=\"wpforms-7667-field_15-description\" required ><label class=\"wpforms-field-label-inline\" for=\"wpforms-7667-field_15_2\">No<\/label><\/li><li class=\"choice-3 depth-1\"><input type=\"radio\" id=\"wpforms-7667-field_15_3\" name=\"wpforms[fields][15]\" value=\"No, pero dispongo de seguro profesional.\" aria-errormessage=\"wpforms-7667-field_15_3-error\" aria-describedby=\"wpforms-7667-field_15-description\" required ><label class=\"wpforms-field-label-inline\" for=\"wpforms-7667-field_15_3\">No, pero dispongo de seguro profesional.<\/label><\/li><\/ul><div id=\"wpforms-7667-field_15-description\" class=\"wpforms-field-description\">- Si dispone de licencia, escr\u00edbala entera en el campo siguiente (N\u00ba licencia + Comentario o mensaje)<br \/>\n- Si no tienelicencia pero dispone de un seguro profesional, deben mand\u00e1rnoslo al e-mail: <a href=\"mailto:prensa@rallyelallana.com?subject=Seguro%20profesional\">prensa@rallyelallana.com<\/a><br \/>\n<br \/>\n\nEs <font color=\"#FF3300\"> <b>imprescindible<\/b><\/font> disponer de licencia federativa y\/o seguro profesional para obtener la acreditaci\u00f3n.<br \/><br \/>\n\n<b>Completar la solicitud, y adjuntar al e-mail un seguro privado. Que este no sea de la Real Federaci\u00f3n Espa\u00f1ola de Automovilismo, no implica que la acreditaci\u00f3n est\u00e9 aceptada. <br \/><br \/>\n\nTu solicitud ser\u00e1 enviada a la RFEdA y ser\u00e1 ella quien determine si se otorga la acreditaci\u00f3n para la prueba o no. Esto se debe a que el Rallye La Llana es un evento puntuable para el Campeonato de Espa\u00f1a de Rallyes de Asfalto, y por lo tanto se rige por su normativa.<\/b><\/div><\/fieldset><\/div><div id=\"wpforms-7667-field_3-container\" class=\"wpforms-field wpforms-field-textarea\" data-field-id=\"3\"><label class=\"wpforms-field-label\" for=\"wpforms-7667-field_3\">N\u00ba licencia + Comentario o mensaje<\/label><textarea id=\"wpforms-7667-field_3\" class=\"wpforms-field-medium\" name=\"wpforms[fields][3]\" aria-errormessage=\"wpforms-7667-field_3-error\" ><\/textarea><\/div><div id=\"wpforms-7667-field_10-container\" class=\"wpforms-field wpforms-field-gdpr-checkbox\" data-field-id=\"10\"><label class=\"wpforms-field-label\">Acuerdo RGPD <span class=\"wpforms-required-label\" aria-hidden=\"true\">*<\/span><\/label><ul id=\"wpforms-7667-field_10\" class=\"wpforms-field-required\"><li class=\"choice-1\"><input type=\"checkbox\" id=\"wpforms-7667-field_10_1\" name=\"wpforms[fields][10][]\" value=\"Doy mi consentimiento para que esta web almacene la informaci\u00f3n que env\u00edo para que puedan responderme,\" aria-errormessage=\"wpforms-7667-field_10_1-error\" aria-describedby=\"wpforms-7667-field_10-description\" required ><label class=\"wpforms-field-label-inline\" for=\"wpforms-7667-field_10_1\">Doy mi consentimiento para que esta web almacene la informaci\u00f3n que env\u00edo para que puedan responderme,<\/label><\/li><\/ul><div id=\"wpforms-7667-field_10-description\" class=\"wpforms-field-description\">- La solicitud debe estar mandada antes del d\u00eda 6 de abril a las 20:00h. <br \/>\n- La adjudicaci\u00f3n de las solicitudes queda totalmente bajo el criterio del Departamento de Prensa. <br \/>\n- El solicitante de esta acreditaci\u00f3n garantiza el correcto uso de la acreditaci\u00f3n y exime a la organizaci\u00f3n de la consecuencia de los\nsus actos durante el desarrollo de la prueba.<br \/>\n<br \/>\nPol\u00edtica de privacidad del Motor Club Sabadell y del Rallye la llana: <a target=\"_blank\" href=\"https:\/\/www.motorclubsabadell.com\/index.php\/politica-de-privacitat\/\">\nLeer aqu\u00ed<\/a>\n<\/div><\/div><script>\n\t\t\t\t( function() {\n\t\t\t\t\tconst style = document.createElement( 'style' );\n\t\t\t\t\tstyle.appendChild( document.createTextNode( '#wpforms-7667-field_5-container { position: absolute !important; overflow: hidden !important; display: inline !important; height: 1px !important; width: 1px !important; z-index: -1000 !important; padding: 0 !important; } #wpforms-7667-field_5-container input { visibility: hidden; } #wpforms-conversational-form-page #wpforms-7667-field_5-container label { counter-increment: none; }' ) );\n\t\t\t\t\tdocument.head.appendChild( style );\n\t\t\t\t\tdocument.currentScript?.remove();\n\t\t\t\t} )();\n\t\t\t<\/script><\/div><!-- .wpforms-field-container --><div class=\"wpforms-submit-container\" ><input type=\"hidden\" name=\"wpforms[id]\" value=\"7667\"><input type=\"hidden\" name=\"page_title\" value=\"\"><input type=\"hidden\" name=\"page_url\" value=\"https:\/\/rallyelallana.com\/es\/wp-json\/wp\/v2\/pages\/7689\"><input type=\"hidden\" name=\"url_referer\" value=\"\"><button type=\"submit\" name=\"wpforms[submit]\" id=\"wpforms-submit-7667\" class=\"wpforms-submit\" data-alt-text=\"Enviando...\" data-submit-text=\"Enviar\" aria-live=\"assertive\" value=\"wpforms-submit\">Enviar<\/button><img loading=\"lazy\" decoding=\"async\" src=\"https:\/\/rallyelallana.com\/wp-content\/plugins\/wpforms-lite\/assets\/images\/submit-spin.svg\" class=\"wpforms-submit-spinner\" style=\"display: none;\" width=\"26\" height=\"26\" alt=\"Cargando\"><\/div><\/form><\/div>  <!-- .wpforms-container -->\n\n\n\n<p><\/p>\n","protected":false},"excerpt":{"rendered":"<p>Email: prensa@rallyelallana.com<\/p>","protected":false},"author":2,"featured_media":0,"parent":0,"menu_order":0,"comment_status":"closed","ping_status":"closed","template":"","meta":{"_themeisle_gutenberg_block_has_review":false,"footnotes":""},"class_list":["post-7689","page","type-page","status-publish","hentry"],"featured_image_src":null,"_links":{"self":[{"href":"https:\/\/rallyelallana.com\/es\/wp-json\/wp\/v2\/pages\/7689","targetHints":{"allow":["GET"]}}],"collection":[{"href":"https:\/\/rallyelallana.com\/es\/wp-json\/wp\/v2\/pages"}],"about":[{"href":"https:\/\/rallyelallana.com\/es\/wp-json\/wp\/v2\/types\/page"}],"author":[{"embeddable":true,"href":"https:\/\/rallyelallana.com\/es\/wp-json\/wp\/v2\/users\/2"}],"replies":[{"embeddable":true,"href":"https:\/\/rallyelallana.com\/es\/wp-json\/wp\/v2\/comments?post=7689"}],"version-history":[{"count":6,"href":"https:\/\/rallyelallana.com\/es\/wp-json\/wp\/v2\/pages\/7689\/revisions"}],"predecessor-version":[{"id":7700,"href":"https:\/\/rallyelallana.com\/es\/wp-json\/wp\/v2\/pages\/7689\/revisions\/7700"}],"wp:attachment":[{"href":"https:\/\/rallyelallana.com\/es\/wp-json\/wp\/v2\/media?parent=7689"}],"curies":[{"name":"wp","href":"https:\/\/api.w.org\/{rel}","templated":true}]}}