{"id":3273,"date":"2024-12-18T16:49:40","date_gmt":"2024-12-18T16:49:40","guid":{"rendered":"https:\/\/rallyelallana.com\/?page_id=3273"},"modified":"2026-02-03T10:48:58","modified_gmt":"2026-02-03T10:48:58","slug":"taulell-online","status":"publish","type":"page","link":"https:\/\/rallyelallana.com\/es\/taulell-online\/","title":{"rendered":"Tablero Online"},"content":{"rendered":"<div data-colibri-id=\"3273-c1\" class=\"style-792 style-local-3273-c1 position-relative\">\n  <!---->\n  <div data-colibri-component=\"section\" data-colibri-id=\"3273-c2\" id=\"initial-content\" class=\"h-section h-section-global-spacing d-flex align-items-lg-center align-items-md-center align-items-center style-793 style-local-3273-c2 position-relative\">\n    <!---->\n    <!---->\n    <div class=\"h-section-grid-container h-section-boxed-container\">\n      <!---->\n      <div data-colibri-id=\"3273-c3\" class=\"h-row-container gutters-row-lg-2 gutters-row-md-2 gutters-row-0 gutters-row-v-lg-2 gutters-row-v-md-2 gutters-row-v-2 style-850 style-local-3273-c3 position-relative\">\n        <!---->\n        <div class=\"h-row justify-content-lg-center justify-content-md-center justify-content-center align-items-lg-stretch align-items-md-stretch align-items-stretch gutters-col-lg-2 gutters-col-md-2 gutters-col-0 gutters-col-v-lg-2 gutters-col-v-md-2 gutters-col-v-2\">\n          <!---->\n          <div class=\"h-column h-column-container d-flex h-col-lg-auto h-col-md-auto h-col-auto style-851-outer style-local-3273-c4-outer\">\n            <div data-colibri-id=\"3273-c4\" class=\"d-flex h-flex-basis h-column__inner h-px-lg-2 h-px-md-2 h-px-2 v-inner-lg-2 v-inner-md-2 v-inner-2 style-851 style-local-3273-c4 position-relative\">\n              <!---->\n              <!---->\n              <div class=\"w-100 h-y-container h-column__content h-column__v-align flex-basis-100 align-self-lg-start align-self-md-start align-self-start\">\n                <!---->\n                <div data-colibri-id=\"3273-c5\" class=\"d-block style-854 style-local-3273-c5 position-relative h-element\">\n                  <!---->\n                  <div class=\"h-image__frame-container-outer\">\n                    <div class=\"h-image__frame-container\">\n                      <!---->\n                      <!---->\n                      <img decoding=\"async\" src=\"https:\/\/rallyelallana.com\/wp-content\/uploads\/2025\/01\/logo-nobo-150x150.png\" class=\"style-854-image style-local-3273-c5-image\">\n                      <div class=\"h-image__frame h-hide-lg h-hide-md h-hide-sm style-854-frameImage style-local-3273-c5-frameImage\"><\/div>\n                    <\/div>\n                  <\/div>\n                <\/div>\n                <div data-colibri-id=\"3273-c6\" class=\"icon-list d-flex justify-content-lg-center justify-content-md-center justify-content-center style-923 style-local-3273-c6 position-relative h-element\">\n                  <!---->\n                  <ul class=\"ul-list-icon vertical-on-desktop vertical-on-tablet vertical-on-mobile justify-content-lg-center justify-content-md-center justify-content-center\">\n                    <!---->\n                    <li class=\"list-item no-gutters\">\n                      <!---->\n                      <div class=\"list-container-divider d-flex justify-content-lg-center justify-content-md-center justify-content-center first-el-spacer\"><\/div>\n                      <a href=\"https:\/\/app.nobo.events\/p\/e\/01JGDZN3B101WY075NHWWZYPK9\" target=\"_blank\" rel=\"nofollow\" h-use-smooth-scroll=\"true\" class=\"item-link no-gutters\">\n                        <div class=\"d-flex h-col no-gutters align-items-lg-center align-items-md-center align-items-center list-item-text-wrapper\">\n                          <div class=\"d-flex\"><span class=\"h-svg-icon style-923-icon style-local-3273-c6-icon\"><!--Icon by Font Awesome (https:\/\/fontawesome.com)-->\n    <svg version=\"1.1\" xmlns=\"http:\/\/www.w3.org\/2000\/svg\" xmlns:xlink=\"http:\/\/www.w3.org\/1999\/xlink\" id=\"folder-open-o\" viewbox=\"0 0 1920 1896.0833\">\n      <path d=\"M1781 931q0-35-53-35H640q-40 0-85.5 21.5T483 970l-294 363q-18 24-18 40 0 35 53 35h1088q40 0 86-22t71-53l294-363q18-22 18-39zM640 768h768V608q0-40-28-68t-68-28H736q-40 0-68-28t-28-68v-64q0-40-28-68t-68-28H224q-40 0-68 28t-28 68v853l256-315q44-53 116-87.5T640 768zm1269 163q0 62-46 120l-295 363q-43 53-116 87.5t-140 34.5H224q-92 0-158-66T0 1312V352q0-92 66-158t158-66h320q92 0 158 66t66 158v32h544q92 0 158 66t66 158v160h192q54 0 99 24.5t67 70.5q15 32 15 68z\"><\/path>\n    <\/svg><\/span><\/div> <span class=\"list-text d-block\"><span>Tabl\u00f3n de anuncios WEB (Nobo Llana)<\/span><\/span>\n                        <\/div>\n                      <\/a>\n                      <div class=\"list-container-divider d-flex justify-content-lg-center justify-content-md-center justify-content-center\" style=\"display: none;\">\n                        <!---->\n                      <\/div>\n                      <div class=\"list-container-divider d-flex justify-content-lg-center justify-content-md-center justify-content-center last-el-spacer\"><\/div>\n                    <\/li>\n                  <\/ul>\n                <\/div>\n              <\/div>\n            <\/div>\n          <\/div>\n          <div class=\"h-column h-column-container d-flex h-col-lg-auto h-col-md-auto h-col-auto style-855-outer style-local-3273-c7-outer\">\n            <div data-colibri-id=\"3273-c7\" class=\"d-flex h-flex-basis h-column__inner h-px-lg-2 h-px-md-2 h-px-2 v-inner-lg-2 v-inner-md-2 v-inner-2 style-855 style-local-3273-c7 position-relative\">\n              <!---->\n              <!---->\n              <div class=\"w-100 h-y-container h-column__content h-column__v-align flex-basis-100 align-self-lg-start align-self-md-start align-self-start\">\n                <!---->\n                <div data-colibri-id=\"3273-c8\" class=\"d-block style-856 style-local-3273-c8 position-relative h-element\">\n                  <!---->\n                  <div class=\"h-image__frame-container-outer\">\n                    <div class=\"h-image__frame-container\">\n                      <!---->\n                      <!---->\n                      <img decoding=\"async\" src=\"https:\/\/rallyelallana.com\/wp-content\/uploads\/2025\/01\/logo-nobo-150x150.png\" class=\"style-856-image style-local-3273-c8-image\">\n                      <div class=\"h-image__frame h-hide-lg h-hide-md h-hide-sm style-856-frameImage style-local-3273-c8-frameImage\"><\/div>\n                    <\/div>\n                  <\/div>\n                <\/div>\n                <div data-colibri-id=\"3273-c9\" class=\"icon-list d-flex justify-content-lg-center justify-content-md-center justify-content-center style-922 style-local-3273-c9 position-relative h-element\">\n                  <!---->\n                  <ul class=\"ul-list-icon vertical-on-desktop vertical-on-tablet vertical-on-mobile justify-content-lg-center justify-content-md-center justify-content-center\">\n                    <!---->\n                    <li class=\"list-item no-gutters\">\n                      <!---->\n                      <div class=\"list-container-divider d-flex justify-content-lg-center justify-content-md-center justify-content-center first-el-spacer\"><\/div>\n                      <a href=\"https:\/\/play.google.com\/store\/apps\/details?id=events.nobo.app&amp;hl=ca&amp;gl=US&amp;pli=1\" target=\"_blank\" rel=\"nofollow\" h-use-smooth-scroll=\"true\" class=\"item-link no-gutters\">\n                        <div class=\"d-flex h-col no-gutters align-items-lg-center align-items-md-center align-items-center list-item-text-wrapper\">\n                          <div class=\"d-flex\"><span class=\"h-svg-icon style-922-icon style-local-3273-c9-icon\"><!--Icon by Font Awesome (https:\/\/fontawesome.com)-->\n    <svg version=\"1.1\" xmlns=\"http:\/\/www.w3.org\/2000\/svg\" xmlns:xlink=\"http:\/\/www.w3.org\/1999\/xlink\" id=\"mobile-phone\" viewbox=\"0 0 1056.9019 1896.0833\">\n      <path d=\"M464 1408q0-33-23.5-56.5T384 1328t-56.5 23.5T304 1408t23.5 56.5T384 1488t56.5-23.5T464 1408zm208-160V544q0-13-9.5-22.5T640 512H128q-13 0-22.5 9.5T96 544v704q0 13 9.5 22.5t22.5 9.5h512q13 0 22.5-9.5t9.5-22.5zM480 400q0-16-16-16H304q-16 0-16 16t16 16h160q16 0 16-16zm288-16v1024q0 52-38 90t-90 38H128q-52 0-90-38t-38-90V384q0-52 38-90t90-38h512q52 0 90 38t38 90z\"><\/path>\n    <\/svg><\/span><\/div> <span class=\"list-text d-block\"><span>APP gratuita para m\u00f3bil Android<\/span><\/span>\n                        <\/div>\n                      <\/a>\n                      <div class=\"list-container-divider d-flex justify-content-lg-center justify-content-md-center justify-content-center\">\n                        <!---->\n                      <\/div>\n                    <\/li>\n                    <li class=\"list-item no-gutters\">\n                      <!---->\n                      <!---->\n                      <a href=\"https:\/\/apps.apple.com\/es\/app\/nobo-app\/id6472820598\" target=\"_blank\" rel=\"nofollow\" h-use-smooth-scroll=\"true\" class=\"item-link no-gutters\">\n                        <div class=\"d-flex h-col no-gutters align-items-lg-center align-items-md-center align-items-center list-item-text-wrapper\">\n                          <div class=\"d-flex\"><span class=\"h-svg-icon style-922-icon style-local-3273-c9-icon\"><!--Icon by Font Awesome (https:\/\/fontawesome.com)-->\n    <svg version=\"1.1\" xmlns=\"http:\/\/www.w3.org\/2000\/svg\" xmlns:xlink=\"http:\/\/www.w3.org\/1999\/xlink\" id=\"mobile-phone\" viewbox=\"0 0 1056.9019 1896.0833\">\n      <path d=\"M464 1408q0-33-23.5-56.5T384 1328t-56.5 23.5T304 1408t23.5 56.5T384 1488t56.5-23.5T464 1408zm208-160V544q0-13-9.5-22.5T640 512H128q-13 0-22.5 9.5T96 544v704q0 13 9.5 22.5t22.5 9.5h512q13 0 22.5-9.5t9.5-22.5zM480 400q0-16-16-16H304q-16 0-16 16t16 16h160q16 0 16-16zm288-16v1024q0 52-38 90t-90 38H128q-52 0-90-38t-38-90V384q0-52 38-90t90-38h512q52 0 90 38t38 90z\"><\/path>\n    <\/svg><\/span><\/div> <span class=\"list-text d-block\"><span>APP gratuita para m\u00f3bil Apple<\/span><\/span>\n                        <\/div>\n                      <\/a>\n                      <div class=\"list-container-divider d-flex justify-content-lg-center justify-content-md-center justify-content-center\" style=\"display: none;\">\n                        <!---->\n                      <\/div>\n                      <div class=\"list-container-divider d-flex justify-content-lg-center justify-content-md-center justify-content-center last-el-spacer\"><\/div>\n                    <\/li>\n                  <\/ul>\n                <\/div>\n              <\/div>\n            <\/div>\n          <\/div>\n        <\/div>\n      <\/div>\n      <div data-colibri-id=\"3273-c10\" class=\"h-row-container gutters-row-lg-2 gutters-row-md-2 gutters-row-0 gutters-row-v-lg-2 gutters-row-v-md-2 gutters-row-v-2 style-797 style-local-3273-c10 position-relative\">\n        <!---->\n        <div class=\"h-row justify-content-lg-center justify-content-md-center justify-content-center align-items-lg-stretch align-items-md-stretch align-items-stretch gutters-col-lg-2 gutters-col-md-2 gutters-col-0 gutters-col-v-lg-2 gutters-col-v-md-2 gutters-col-v-2\">\n          <!---->\n          <div class=\"h-column h-column-container d-flex h-col-lg-auto h-col-md-auto h-col-auto style-798-outer style-local-3273-c11-outer\">\n            <div data-colibri-id=\"3273-c11\" class=\"d-flex h-flex-basis h-column__inner h-px-lg-2 h-px-md-2 h-px-2 v-inner-lg-2 v-inner-md-2 v-inner-2 style-798 style-local-3273-c11 position-relative\">\n              <!---->\n              <!---->\n              <div class=\"w-100 h-y-container h-column__content h-column__v-align flex-basis-100 align-self-lg-start align-self-md-start align-self-start\">\n                <!---->\n                <div data-colibri-id=\"3273-c12\" class=\"h-x-container style-800 style-local-3273-c12 position-relative h-element\">\n                  <!---->\n                  <div class=\"h-x-container-inner style-dynamic-3273-c12-group\">\n                    <!----><span class=\"h-button__outer style-801-outer style-local-3273-c13-outer d-inline-flex h-element\"><a  h-use-smooth-scroll=\"true\" href=\"https:\/\/rallyelallana.com\/es\/\"  data-colibri-id=\"3273-c13\" class=\"d-flex w-100 align-items-center h-button justify-content-lg-center justify-content-md-center justify-content-center style-801 style-local-3273-c13 position-relative\"><!----><!----> <span >Volver<\/span><\/a>\n                    <\/span>\n                  <\/div>\n                <\/div>\n              <\/div>\n            <\/div>\n          <\/div>\n        <\/div>\n      <\/div>\n    <\/div>\n  <\/div>\n<\/div>","protected":false},"excerpt":{"rendered":"<p>Taulell d&#8217;anuncis WEB (NoBo Llana) APP gratu\u00efta per m\u00f2bil Android APP gratu\u00efta per m\u00f2bil Apple Tornar<\/p>","protected":false},"author":1,"featured_media":0,"parent":0,"menu_order":0,"comment_status":"closed","ping_status":"closed","template":"page-templates\/full-width-page.php","meta":{"_themeisle_gutenberg_block_has_review":false,"footnotes":""},"class_list":["post-3273","page","type-page","status-publish","hentry"],"featured_image_src":null,"_links":{"self":[{"href":"https:\/\/rallyelallana.com\/es\/wp-json\/wp\/v2\/pages\/3273","targetHints":{"allow":["GET"]}}],"collection":[{"href":"https:\/\/rallyelallana.com\/es\/wp-json\/wp\/v2\/pages"}],"about":[{"href":"https:\/\/rallyelallana.com\/es\/wp-json\/wp\/v2\/types\/page"}],"author":[{"embeddable":true,"href":"https:\/\/rallyelallana.com\/es\/wp-json\/wp\/v2\/users\/1"}],"replies":[{"embeddable":true,"href":"https:\/\/rallyelallana.com\/es\/wp-json\/wp\/v2\/comments?post=3273"}],"version-history":[{"count":20,"href":"https:\/\/rallyelallana.com\/es\/wp-json\/wp\/v2\/pages\/3273\/revisions"}],"predecessor-version":[{"id":7239,"href":"https:\/\/rallyelallana.com\/es\/wp-json\/wp\/v2\/pages\/3273\/revisions\/7239"}],"wp:attachment":[{"href":"https:\/\/rallyelallana.com\/es\/wp-json\/wp\/v2\/media?parent=3273"}],"curies":[{"name":"wp","href":"https:\/\/api.w.org\/{rel}","templated":true}]}}